{"id":14,"date":"2014-08-22T13:02:34","date_gmt":"2014-08-22T11:02:34","guid":{"rendered":"http:\/\/192.168.1.130\/_WEBS-Recursos\/_WP-BASE\/?page_id=14"},"modified":"2014-08-25T08:40:07","modified_gmt":"2014-08-25T06:40:07","slug":"contacto","status":"publish","type":"page","link":"http:\/\/scouts.es\/agentesdesalud\/contacto\/","title":{"rendered":"Contacto"},"content":{"rendered":"<div role=\"form\" class=\"wpcf7\" id=\"wpcf7-f16-o1\" lang=\"es-ES\" dir=\"ltr\">\n<div class=\"screen-reader-response\"><p role=\"status\" aria-live=\"polite\" aria-atomic=\"true\"><\/p> <ul><\/ul><\/div>\n<form action=\"\/agentesdesalud\/wp-json\/wp\/v2\/pages\/14#wpcf7-f16-o1\" method=\"post\" class=\"wpcf7-form init\" novalidate=\"novalidate\" data-status=\"init\">\n<div style=\"display: none;\">\n<input type=\"hidden\" name=\"_wpcf7\" value=\"16\" \/>\n<input type=\"hidden\" name=\"_wpcf7_version\" value=\"5.6.4\" \/>\n<input type=\"hidden\" name=\"_wpcf7_locale\" value=\"es_ES\" \/>\n<input type=\"hidden\" name=\"_wpcf7_unit_tag\" value=\"wpcf7-f16-o1\" \/>\n<input type=\"hidden\" name=\"_wpcf7_container_post\" value=\"0\" \/>\n<input type=\"hidden\" name=\"_wpcf7_posted_data_hash\" value=\"\" \/>\n<\/div>\n<div class=\"uno\">Nombre y apellidos<br \/>\n    <span class=\"wpcf7-form-control-wrap\" data-name=\"nombre\"><input type=\"text\" name=\"nombre\" value=\"\" size=\"40\" class=\"wpcf7-form-control wpcf7-text wpcf7-validates-as-required\" aria-required=\"true\" aria-invalid=\"false\" \/><\/span> <\/div>\n<div class=\"dos\">Email<br \/>\n    <span class=\"wpcf7-form-control-wrap\" data-name=\"email\"><input type=\"email\" name=\"email\" value=\"\" size=\"40\" class=\"wpcf7-form-control wpcf7-text wpcf7-email wpcf7-validates-as-required wpcf7-validates-as-email\" aria-required=\"true\" aria-invalid=\"false\" \/><\/span> <\/div>\n<div class=\"dos ultimo\">Tel\u00e9fono<br \/>\n    <span class=\"wpcf7-form-control-wrap\" data-name=\"tfno\"><input type=\"text\" name=\"tfno\" value=\"\" size=\"40\" class=\"wpcf7-form-control wpcf7-text wpcf7-validates-as-required\" aria-required=\"true\" aria-invalid=\"false\" \/><\/span> <\/div>\n<div class=\"uno\">Localidad \/ provincia<br \/>\n    <span class=\"wpcf7-form-control-wrap\" data-name=\"localidad\"><input type=\"text\" name=\"localidad\" value=\"\" size=\"40\" class=\"wpcf7-form-control wpcf7-text wpcf7-validates-as-required\" aria-required=\"true\" aria-invalid=\"false\" \/><\/span> <\/div>\n<div class=\"uno\">Mensaje<br \/>\n    <span class=\"wpcf7-form-control-wrap\" data-name=\"mensaje\"><textarea name=\"mensaje\" cols=\"31\" rows=\"3\" class=\"wpcf7-form-control wpcf7-textarea wpcf7-validates-as-required\" aria-required=\"true\" aria-invalid=\"false\"><\/textarea><\/span> <\/div>\n<div class=\"uno\">\n<div class=\"aviso\"><span class=\"wpcf7-form-control-wrap\" data-name=\"acceptance-651\"><span class=\"wpcf7-form-control wpcf7-acceptance\"><span class=\"wpcf7-list-item\"><input type=\"checkbox\" name=\"acceptance-651\" value=\"1\" aria-invalid=\"false\" \/><\/span><\/span><\/span> <small>Acepto el <a href=\"\/aviso-legal\" target=\"_blank\" title=\"Leer aviso legal\">aviso legal<\/a><\/small><\/div>\n<div class=\"enviar\"><input type=\"submit\" value=\"Enviar\" class=\"wpcf7-form-control has-spinner wpcf7-submit\" \/><\/div>\n<p><small>*Todos los datos de contacto son obligatorios.<\/small>\n<\/div>\n<div class=\"wpcf7-response-output\" aria-hidden=\"true\"><\/div><\/form><\/div>\n","protected":false},"excerpt":{"rendered":"","protected":false},"author":500,"featured_media":0,"parent":0,"menu_order":6,"comment_status":"closed","ping_status":"closed","template":"","meta":[],"yoast_head":"<!-- This site is optimized with the Yoast SEO plugin v19.9 - https:\/\/yoast.com\/wordpress\/plugins\/seo\/ -->\n<title>Contacto - Agentes de Salud - scouts.es<\/title>\n<meta name=\"robots\" content=\"index, follow, max-snippet:-1, max-image-preview:large, max-video-preview:-1\" \/>\n<link rel=\"canonical\" href=\"http:\/\/scouts.es\/agentesdesalud\/contacto\/\" \/>\n<meta property=\"og:locale\" content=\"es_ES\" \/>\n<meta property=\"og:type\" content=\"article\" \/>\n<meta property=\"og:title\" content=\"Contacto - Agentes de Salud - scouts.es\" \/>\n<meta property=\"og:url\" content=\"http:\/\/scouts.es\/agentesdesalud\/contacto\/\" \/>\n<meta property=\"og:site_name\" content=\"Agentes de Salud - scouts.es\" \/>\n<meta property=\"article:modified_time\" content=\"2014-08-25T06:40:07+00:00\" \/>\n<meta name=\"twitter:card\" content=\"summary_large_image\" \/>\n<script type=\"application\/ld+json\" class=\"yoast-schema-graph\">{\"@context\":\"https:\/\/schema.org\",\"@graph\":[{\"@type\":\"WebPage\",\"@id\":\"http:\/\/scouts.es\/agentesdesalud\/contacto\/\",\"url\":\"http:\/\/scouts.es\/agentesdesalud\/contacto\/\",\"name\":\"Contacto - Agentes de Salud - scouts.es\",\"isPartOf\":{\"@id\":\"http:\/\/scouts.es\/agentesdesalud\/#website\"},\"datePublished\":\"2014-08-22T11:02:34+00:00\",\"dateModified\":\"2014-08-25T06:40:07+00:00\",\"breadcrumb\":{\"@id\":\"http:\/\/scouts.es\/agentesdesalud\/contacto\/#breadcrumb\"},\"inLanguage\":\"es\",\"potentialAction\":[{\"@type\":\"ReadAction\",\"target\":[\"http:\/\/scouts.es\/agentesdesalud\/contacto\/\"]}]},{\"@type\":\"BreadcrumbList\",\"@id\":\"http:\/\/scouts.es\/agentesdesalud\/contacto\/#breadcrumb\",\"itemListElement\":[{\"@type\":\"ListItem\",\"position\":1,\"name\":\"Portada\",\"item\":\"http:\/\/scouts.es\/agentesdesalud\/\"},{\"@type\":\"ListItem\",\"position\":2,\"name\":\"Contacto\"}]},{\"@type\":\"WebSite\",\"@id\":\"http:\/\/scouts.es\/agentesdesalud\/#website\",\"url\":\"http:\/\/scouts.es\/agentesdesalud\/\",\"name\":\"Agentes de Salud - scouts.es\",\"description\":\"\",\"potentialAction\":[{\"@type\":\"SearchAction\",\"target\":{\"@type\":\"EntryPoint\",\"urlTemplate\":\"http:\/\/scouts.es\/agentesdesalud\/?s={search_term_string}\"},\"query-input\":\"required name=search_term_string\"}],\"inLanguage\":\"es\"}]}<\/script>\n<!-- \/ Yoast SEO plugin. -->","yoast_head_json":{"title":"Contacto - Agentes de Salud - scouts.es","robots":{"index":"index","follow":"follow","max-snippet":"max-snippet:-1","max-image-preview":"max-image-preview:large","max-video-preview":"max-video-preview:-1"},"canonical":"http:\/\/scouts.es\/agentesdesalud\/contacto\/","og_locale":"es_ES","og_type":"article","og_title":"Contacto - Agentes de Salud - scouts.es","og_url":"http:\/\/scouts.es\/agentesdesalud\/contacto\/","og_site_name":"Agentes de Salud - scouts.es","article_modified_time":"2014-08-25T06:40:07+00:00","twitter_card":"summary_large_image","schema":{"@context":"https:\/\/schema.org","@graph":[{"@type":"WebPage","@id":"http:\/\/scouts.es\/agentesdesalud\/contacto\/","url":"http:\/\/scouts.es\/agentesdesalud\/contacto\/","name":"Contacto - Agentes de Salud - scouts.es","isPartOf":{"@id":"http:\/\/scouts.es\/agentesdesalud\/#website"},"datePublished":"2014-08-22T11:02:34+00:00","dateModified":"2014-08-25T06:40:07+00:00","breadcrumb":{"@id":"http:\/\/scouts.es\/agentesdesalud\/contacto\/#breadcrumb"},"inLanguage":"es","potentialAction":[{"@type":"ReadAction","target":["http:\/\/scouts.es\/agentesdesalud\/contacto\/"]}]},{"@type":"BreadcrumbList","@id":"http:\/\/scouts.es\/agentesdesalud\/contacto\/#breadcrumb","itemListElement":[{"@type":"ListItem","position":1,"name":"Portada","item":"http:\/\/scouts.es\/agentesdesalud\/"},{"@type":"ListItem","position":2,"name":"Contacto"}]},{"@type":"WebSite","@id":"http:\/\/scouts.es\/agentesdesalud\/#website","url":"http:\/\/scouts.es\/agentesdesalud\/","name":"Agentes de Salud - scouts.es","description":"","potentialAction":[{"@type":"SearchAction","target":{"@type":"EntryPoint","urlTemplate":"http:\/\/scouts.es\/agentesdesalud\/?s={search_term_string}"},"query-input":"required name=search_term_string"}],"inLanguage":"es"}]}},"jetpack_sharing_enabled":true,"jetpack_shortlink":"https:\/\/wp.me\/P7DG18-e","jetpack-related-posts":[{"id":10,"url":"http:\/\/scouts.es\/agentesdesalud\/politica-de-datos\/","url_meta":{"origin":14,"position":0},"title":"Pol\u00edtica de datos","date":"22 agosto, 2014","format":false,"excerpt":"GENERAL EMPRESA (\u00a0CIF: 0000) garantiza expresamente que los datos que usted nos facilite son mantenidos con absoluta confidencialidad. Tratamiento de sus datos personales Al objeto de procesar su pedido y de ceder los derechos de reproducci\u00f3n de las im\u00e1genes a nuestros clientes, requerimos nos faciliten ciertos datos personales como la\u2026","rel":"","context":"Entrada similar","img":{"alt_text":"","src":"","width":0,"height":0},"classes":[]},{"id":18,"url":"http:\/\/scouts.es\/agentesdesalud\/programa-agentes-salud\/","url_meta":{"origin":14,"position":1},"title":"Qu\u00e9 es el programa de Agentes de Salud","date":"22 agosto, 2014","format":false,"excerpt":"\u00a1Bienvenid@s a\u00a0la web del Programa Agentes de Salud! Pioneros, Rutas (\u00a1tambi\u00e9n Responsables!)\u2026 your attention, please. Est\u00e1is apunto de embarcaros en un maravilloso Programa que Scouts MSC pone en marcha especialmente para vosotros. Bueno, para vosotros y vuestro entorno, pues una vez m\u00e1s estamos pensando en trabajar en proyectos que nos\u2026","rel":"","context":"Entrada similar","img":{"alt_text":"","src":"","width":0,"height":0},"classes":[]},{"id":85,"url":"http:\/\/scouts.es\/agentesdesalud\/para-saber-faq\/","url_meta":{"origin":14,"position":2},"title":"Para saber m\u00e1s&#8230; FAQ","date":"14 junio, 2016","format":false,"excerpt":"\u00bfNos lo resum\u00eds\u00a0en una frase? Un proyecto en el que pasas\u00a0de ser\u00a0la esponja que se empapa de informaci\u00f3n a la fuente de aprendizaje. Vale, \u00bfy ahora de una forma un poco m\u00e1s extensa pero sin pasarse y sin met\u00e1foras? Un proyecto para formaros en ciertos temas a la vez que\u2026","rel":"","context":"Entrada similar","img":{"alt_text":"","src":"","width":0,"height":0},"classes":[]},{"id":67,"url":"http:\/\/scouts.es\/agentesdesalud\/protagonistas\/","url_meta":{"origin":14,"position":3},"title":"Protagonistas","date":"31 mayo, 2016","format":false,"excerpt":"En el programa se participa por peque\u00f1os grupos de 5-7 Pioneros o Rutas acompa\u00f1ados por 1 Responsable o Animador. Es perfectamente posible que de un Grupo Scout o Agrupaci\u00f3n Ruta participe m\u00e1s de un peque\u00f1o grupo, pero de forma independiente. Todos, vais a disponer de una serie de herramientas de\u2026","rel":"","context":"Entrada similar","img":{"alt_text":"","src":"","width":0,"height":0},"classes":[]}],"_links":{"self":[{"href":"http:\/\/scouts.es\/agentesdesalud\/wp-json\/wp\/v2\/pages\/14"}],"collection":[{"href":"http:\/\/scouts.es\/agentesdesalud\/wp-json\/wp\/v2\/pages"}],"about":[{"href":"http:\/\/scouts.es\/agentesdesalud\/wp-json\/wp\/v2\/types\/page"}],"author":[{"embeddable":true,"href":"http:\/\/scouts.es\/agentesdesalud\/wp-json\/wp\/v2\/users\/500"}],"replies":[{"embeddable":true,"href":"http:\/\/scouts.es\/agentesdesalud\/wp-json\/wp\/v2\/comments?post=14"}],"version-history":[{"count":2,"href":"http:\/\/scouts.es\/agentesdesalud\/wp-json\/wp\/v2\/pages\/14\/revisions"}],"predecessor-version":[{"id":17,"href":"http:\/\/scouts.es\/agentesdesalud\/wp-json\/wp\/v2\/pages\/14\/revisions\/17"}],"wp:attachment":[{"href":"http:\/\/scouts.es\/agentesdesalud\/wp-json\/wp\/v2\/media?parent=14"}],"curies":[{"name":"wp","href":"https:\/\/api.w.org\/{rel}","templated":true}]}}