{"id":18,"date":"2014-08-22T15:16:38","date_gmt":"2014-08-22T13:16:38","guid":{"rendered":"http:\/\/192.168.1.130\/_WEBS-Recursos\/_WP-BASE\/?page_id=18"},"modified":"2018-02-16T12:18:46","modified_gmt":"2018-02-16T11:18:46","slug":"programa-agentes-salud","status":"publish","type":"page","link":"http:\/\/scouts.es\/agentesdesalud\/programa-agentes-salud\/","title":{"rendered":"Qu\u00e9 es el programa de Agentes de Salud"},"content":{"rendered":"<p style=\"text-align: center;\">\u00a1Bienvenid@s a\u00a0la web del Programa Agentes de Salud!<\/p>\n<h3><!--more--><\/h3>\n<h3>Pioneros, Rutas (\u00a1tambi\u00e9n Responsables!)\u2026 your attention, please.<\/h3>\n<p>Est\u00e1is apunto de embarcaros en un maravilloso Programa que Scouts MSC pone en marcha especialmente para vosotros.<\/p>\n<p>Bueno, para vosotros y vuestro entorno, pues una vez m\u00e1s estamos pensando en trabajar en proyectos que nos permiten construir un mundo mejor.<\/p>\n<p>Os encontr\u00e1is a pocas l\u00edneas de saber qu\u00e9 es\u2026<\/p>\n<h3>\u00a1El Programa Agentes de Salud!<\/h3>\n<p>Si es la primera vez que o\u00eds a hablar de esto deb\u00e9is saber que se trata de un proyecto incre\u00edblemente interesante y no s\u00f3lo divertido, pues\u00a0tambi\u00e9n es fuente de recursos, aprendizaje y herramientas para ampliar vastamente vuestros conocimientos y experiencias.<\/p>\n<p>Pero a ver, vayamos por partes,\u00a0resumimos brevemente la info\u2026<\/p>\n<p><strong>\u00bfQu\u00e9 es?<\/strong><\/p>\n<p>El Programa\u00a0Agentes de Salud es un proyecto que desde Scouts MSC hemos pensado para vosotros,\u00a0<strong>Pioneros<\/strong> y <strong>Rutas<\/strong>, junto con vuestros respectivos <strong>responsables<\/strong> y <strong>animadores<\/strong>, para que trabaj\u00e9is en las \u00e1reas de:<\/p>\n<div class=\"page\" title=\"Page 1\">\n<div class=\"section\">\n<div class=\"layoutArea\">\n<div class=\"column\">\n<ul>\n<li>Prevenci\u00f3n de adicciones (drogas y adicciones sin sustancia)<\/li>\n<li>Prevenci\u00f3n de los trastornos de la conducta alimentaria<\/li>\n<li>Prevenci\u00f3n del sedentarismo<\/li>\n<\/ul>\n<p><strong>\u00bfC\u00f3mo?\u00a0<\/strong><\/p>\n<p>Aqu\u00ed es donde reside la gracia del proyecto, pues se ha pensado para llevar a cabo de una\u00a0manera din\u00e1mica, atractiva y basada en el <strong>m\u00e9todo scout<\/strong>, que conoces de sobra.<\/p>\n<p>M\u00e1s de una vez se habr\u00e1n pasado por tu insti a darte informaci\u00f3n sobre adicciones, trastornos alimentarios, etc., \u00bfno es as\u00ed?<\/p>\n<p>Bien\u2026 vayamos a cambiar un poco los roles y ponte t\u00fa y algunos pioneros o rutas m\u00e1s liderando esta charla, actividad, conferencia, taller\u2026 carta blanca para hacerlo como m\u00e1s os guste o apetezca.<\/p>\n<p>\u00bfQu\u00e9 os parece la idea as\u00ed, a bote pronto?<\/p>\n<p><strong>\u00bfEs dif\u00edcil hacerlo?<\/strong><\/p>\n<p>No, porque t\u00fa eliges la materia que quieres trabajar.<\/p>\n<p>Dentro de las tres \u00e1reas citadas, t\u00fa y tu grupo de Agentes decid\u00eds si s\u00f3lo os form\u00e1is en un \u00e1rea, en dos o en todas y cu\u00e1nto profundiz\u00e1is: el reto os lo pon\u00e9is vosotros mismos.<\/p>\n<p>Adem\u00e1s, si quer\u00e9is, cont\u00e1is con mucha ayuda y recursos.<\/p>\n<p>Tr\u00e1s el mail agentesdesalud@scouts.es hay un equipo humano trabajando y acompa\u00f1\u00e1ndoos y dispuestos a ayudar en lo que haga falta.<\/p>\n<p>As\u00ed que no, no es dif\u00edcil.<\/p>\n<p><strong>\u00bfQu\u00e9 tengo que hacer para inscribirme?<\/strong><\/p>\n<\/div>\n<p>Primero os animamos a hacer un poco el fisg\u00f3n y a saber un poco m\u00e1s de qu\u00e9 va todo esto.<\/p>\n<p>Lo descubrir\u00e9is f\u00e1cilmente paseando por este blog, donde ten\u00e9is m\u00e1s informaci\u00f3n y hasta un dossier de presentaci\u00f3n.<\/p>\n<p>Si a\u00fan as\u00ed te has quedado con dudas, puedes\u00a0ponerte en contacto con agentesdesalud@scouts.es.<\/p>\n<p>Y, finalmente, <a href=\"http:\/\/goo.gl\/forms\/a3Ah1Qh4vl\" target=\"_blank\" rel=\"noopener\">ya os pod\u00e9is inscribir mediante el formulario de inscripci\u00f3n<\/a>.<\/p>\n<p>Evidentemente, participar\u00a0no tiene coste alguno, excepto el compromiso de estar trabajando en algo grande e importante, no s\u00f3lo para ti, sino tambi\u00e9n para la gente que te rodea.<\/p>\n<\/div>\n<\/div>\n<p>&nbsp;<\/p>\n<p>La verdad es que es una buena oportunidad para\u2026<\/p>\n<ul>\n<li>Convertirte\u00a0en un <strong>agente activo<\/strong> y referente en tu comunidad.<\/li>\n<li><strong>Cambiar<\/strong>\u00a0tu entorno m\u00e1s pr\u00f3ximo y seguir\u00e1s construyendo un mundo mejor.<\/li>\n<li>Recibir una <strong>formaci\u00f3n<\/strong> en interesantes \u00e1reas y ampliar tus conocimientos.<\/li>\n<li>Desarrollar nuevas <strong>habilidades<\/strong> que repercutir\u00e1n positivamente en tu <strong>perfil personal<\/strong>, <strong>scout<\/strong> y <strong>laboral<\/strong>.<\/li>\n<li>Ser pionero en este proyecto de gran envergadura y part\u00edcipe de un proyecto por ahora <strong>\u00fanico y muy importante en la historia<\/strong> de MSC.<\/li>\n<li>Llegar a ser\u00a0en un <strong>referente<\/strong> de tu Grupo Scout, barrio, ciudad, asociaci\u00f3n.<\/li>\n<\/ul>\n<hr \/>\n<p style=\"text-align: center;\"><a href=\"http:\/\/scouts.es\/agentesdesalud\/media\/2014\/08\/PresentacionDelPrograma-compressed.pdf\" target=\"_blank\" rel=\"noopener\"><strong>Aqu\u00ed os pod\u00e9is descargar la Presentaci\u00f3n del Programa.<\/strong><\/a><\/p>\n<\/div>\n","protected":false},"excerpt":{"rendered":"<p>\u00a1Bienvenid@s a\u00a0la web del Programa Agentes de Salud!<\/p>\n","protected":false},"author":500,"featured_media":0,"parent":0,"menu_order":5,"comment_status":"closed","ping_status":"closed","template":"","meta":[],"yoast_head":"<!-- This site is optimized with the Yoast SEO plugin v19.9 - https:\/\/yoast.com\/wordpress\/plugins\/seo\/ -->\n<title>Qu\u00e9 es el programa de Agentes de Salud - Agentes de Salud - scouts.es<\/title>\n<meta name=\"robots\" content=\"index, follow, max-snippet:-1, max-image-preview:large, max-video-preview:-1\" \/>\n<link rel=\"canonical\" href=\"http:\/\/scouts.es\/agentesdesalud\/programa-agentes-salud\/\" \/>\n<meta property=\"og:locale\" content=\"es_ES\" \/>\n<meta property=\"og:type\" content=\"article\" \/>\n<meta property=\"og:title\" content=\"Qu\u00e9 es el programa de Agentes de Salud - Agentes de Salud - scouts.es\" \/>\n<meta property=\"og:description\" content=\"\u00a1Bienvenid@s a\u00a0la web del Programa Agentes de Salud!\" \/>\n<meta property=\"og:url\" content=\"http:\/\/scouts.es\/agentesdesalud\/programa-agentes-salud\/\" \/>\n<meta property=\"og:site_name\" content=\"Agentes de Salud - scouts.es\" \/>\n<meta property=\"article:modified_time\" content=\"2018-02-16T11:18:46+00:00\" \/>\n<meta name=\"twitter:card\" content=\"summary_large_image\" \/>\n<meta name=\"twitter:label1\" content=\"Tiempo de lectura\" \/>\n\t<meta name=\"twitter:data1\" content=\"3 minutos\" \/>\n<script type=\"application\/ld+json\" class=\"yoast-schema-graph\">{\"@context\":\"https:\/\/schema.org\",\"@graph\":[{\"@type\":\"WebPage\",\"@id\":\"http:\/\/scouts.es\/agentesdesalud\/programa-agentes-salud\/\",\"url\":\"http:\/\/scouts.es\/agentesdesalud\/programa-agentes-salud\/\",\"name\":\"Qu\u00e9 es el programa de Agentes de Salud - Agentes de Salud - scouts.es\",\"isPartOf\":{\"@id\":\"http:\/\/scouts.es\/agentesdesalud\/#website\"},\"datePublished\":\"2014-08-22T13:16:38+00:00\",\"dateModified\":\"2018-02-16T11:18:46+00:00\",\"breadcrumb\":{\"@id\":\"http:\/\/scouts.es\/agentesdesalud\/programa-agentes-salud\/#breadcrumb\"},\"inLanguage\":\"es\",\"potentialAction\":[{\"@type\":\"ReadAction\",\"target\":[\"http:\/\/scouts.es\/agentesdesalud\/programa-agentes-salud\/\"]}]},{\"@type\":\"BreadcrumbList\",\"@id\":\"http:\/\/scouts.es\/agentesdesalud\/programa-agentes-salud\/#breadcrumb\",\"itemListElement\":[{\"@type\":\"ListItem\",\"position\":1,\"name\":\"Portada\",\"item\":\"http:\/\/scouts.es\/agentesdesalud\/\"},{\"@type\":\"ListItem\",\"position\":2,\"name\":\"Qu\u00e9 es el programa de Agentes de Salud\"}]},{\"@type\":\"WebSite\",\"@id\":\"http:\/\/scouts.es\/agentesdesalud\/#website\",\"url\":\"http:\/\/scouts.es\/agentesdesalud\/\",\"name\":\"Agentes de Salud - scouts.es\",\"description\":\"\",\"potentialAction\":[{\"@type\":\"SearchAction\",\"target\":{\"@type\":\"EntryPoint\",\"urlTemplate\":\"http:\/\/scouts.es\/agentesdesalud\/?s={search_term_string}\"},\"query-input\":\"required name=search_term_string\"}],\"inLanguage\":\"es\"}]}<\/script>\n<!-- \/ Yoast SEO plugin. -->","yoast_head_json":{"title":"Qu\u00e9 es el programa de Agentes de Salud - Agentes de Salud - scouts.es","robots":{"index":"index","follow":"follow","max-snippet":"max-snippet:-1","max-image-preview":"max-image-preview:large","max-video-preview":"max-video-preview:-1"},"canonical":"http:\/\/scouts.es\/agentesdesalud\/programa-agentes-salud\/","og_locale":"es_ES","og_type":"article","og_title":"Qu\u00e9 es el programa de Agentes de Salud - Agentes de Salud - scouts.es","og_description":"\u00a1Bienvenid@s a\u00a0la web del Programa Agentes de Salud!","og_url":"http:\/\/scouts.es\/agentesdesalud\/programa-agentes-salud\/","og_site_name":"Agentes de Salud - scouts.es","article_modified_time":"2018-02-16T11:18:46+00:00","twitter_card":"summary_large_image","twitter_misc":{"Tiempo de lectura":"3 minutos"},"schema":{"@context":"https:\/\/schema.org","@graph":[{"@type":"WebPage","@id":"http:\/\/scouts.es\/agentesdesalud\/programa-agentes-salud\/","url":"http:\/\/scouts.es\/agentesdesalud\/programa-agentes-salud\/","name":"Qu\u00e9 es el programa de Agentes de Salud - Agentes de Salud - scouts.es","isPartOf":{"@id":"http:\/\/scouts.es\/agentesdesalud\/#website"},"datePublished":"2014-08-22T13:16:38+00:00","dateModified":"2018-02-16T11:18:46+00:00","breadcrumb":{"@id":"http:\/\/scouts.es\/agentesdesalud\/programa-agentes-salud\/#breadcrumb"},"inLanguage":"es","potentialAction":[{"@type":"ReadAction","target":["http:\/\/scouts.es\/agentesdesalud\/programa-agentes-salud\/"]}]},{"@type":"BreadcrumbList","@id":"http:\/\/scouts.es\/agentesdesalud\/programa-agentes-salud\/#breadcrumb","itemListElement":[{"@type":"ListItem","position":1,"name":"Portada","item":"http:\/\/scouts.es\/agentesdesalud\/"},{"@type":"ListItem","position":2,"name":"Qu\u00e9 es el programa de Agentes de Salud"}]},{"@type":"WebSite","@id":"http:\/\/scouts.es\/agentesdesalud\/#website","url":"http:\/\/scouts.es\/agentesdesalud\/","name":"Agentes de Salud - scouts.es","description":"","potentialAction":[{"@type":"SearchAction","target":{"@type":"EntryPoint","urlTemplate":"http:\/\/scouts.es\/agentesdesalud\/?s={search_term_string}"},"query-input":"required name=search_term_string"}],"inLanguage":"es"}]}},"jetpack_sharing_enabled":true,"jetpack_shortlink":"https:\/\/wp.me\/P7DG18-i","jetpack-related-posts":[{"id":88,"url":"http:\/\/scouts.es\/agentesdesalud\/acceso-participantes\/","url_meta":{"origin":18,"position":0},"title":"Acceso participantes","date":"14 junio, 2016","format":false,"excerpt":"Esta es un \u00e1rea privada a la que s\u00f3lo pueden acceder los\u00a0usuarios inscritos al Programa Agentes de Salud. Para acceder al Aula virtual con todos los materiales y m\u00e1s informaci\u00f3n, haz clic aqu\u00ed. Para publicar una entrada al blog, introduce con tu nombre de usuario y contrase\u00f1a (si no lo\u2026","rel":"","context":"Entrada similar","img":{"alt_text":"","src":"","width":0,"height":0},"classes":[]},{"id":85,"url":"http:\/\/scouts.es\/agentesdesalud\/para-saber-faq\/","url_meta":{"origin":18,"position":1},"title":"Para saber m\u00e1s&#8230; FAQ","date":"14 junio, 2016","format":false,"excerpt":"\u00bfNos lo resum\u00eds\u00a0en una frase? Un proyecto en el que pasas\u00a0de ser\u00a0la esponja que se empapa de informaci\u00f3n a la fuente de aprendizaje. Vale, \u00bfy ahora de una forma un poco m\u00e1s extensa pero sin pasarse y sin met\u00e1foras? Un proyecto para formaros en ciertos temas a la vez que\u2026","rel":"","context":"Entrada similar","img":{"alt_text":"","src":"","width":0,"height":0},"classes":[]},{"id":67,"url":"http:\/\/scouts.es\/agentesdesalud\/protagonistas\/","url_meta":{"origin":18,"position":2},"title":"Protagonistas","date":"31 mayo, 2016","format":false,"excerpt":"En el programa se participa por peque\u00f1os grupos de 5-7 Pioneros o Rutas acompa\u00f1ados por 1 Responsable o Animador. Es perfectamente posible que de un Grupo Scout o Agrupaci\u00f3n Ruta participe m\u00e1s de un peque\u00f1o grupo, pero de forma independiente. Todos, vais a disponer de una serie de herramientas de\u2026","rel":"","context":"Entrada similar","img":{"alt_text":"","src":"","width":0,"height":0},"classes":[]},{"id":2,"url":"http:\/\/scouts.es\/agentesdesalud\/aviso-legal\/","url_meta":{"origin":18,"position":3},"title":"Aviso Legal","date":"22 agosto, 2014","format":false,"excerpt":"En aplicaci\u00f3n de lo dispuesto en la LO 15\/1999, de 13 de diciembre, de Protecci\u00f3n de Datos, as\u00ed como en el reglamento de desarrollo de la misma aprobado mediante el RD 1720\/2007, se informa de que mediante el env\u00edo de sus datos personales, autoriza a que dichos datos se incorporen\u2026","rel":"","context":"Entrada similar","img":{"alt_text":"","src":"","width":0,"height":0},"classes":[]},{"id":20,"url":"http:\/\/scouts.es\/agentesdesalud\/blog\/","url_meta":{"origin":18,"position":4},"title":"Blog","date":"22 agosto, 2014","format":false,"excerpt":"","rel":"","context":"Entrada similar","img":{"alt_text":"","src":"","width":0,"height":0},"classes":[]},{"id":69,"url":"http:\/\/scouts.es\/agentesdesalud\/concurso\/","url_meta":{"origin":18,"position":5},"title":"Concurso","date":"31 mayo, 2016","format":false,"excerpt":"Pronto daremos m\u00e1s informaci\u00f3n.","rel":"","context":"Entrada similar","img":{"alt_text":"","src":"","width":0,"height":0},"classes":[]}],"_links":{"self":[{"href":"http:\/\/scouts.es\/agentesdesalud\/wp-json\/wp\/v2\/pages\/18"}],"collection":[{"href":"http:\/\/scouts.es\/agentesdesalud\/wp-json\/wp\/v2\/pages"}],"about":[{"href":"http:\/\/scouts.es\/agentesdesalud\/wp-json\/wp\/v2\/types\/page"}],"author":[{"embeddable":true,"href":"http:\/\/scouts.es\/agentesdesalud\/wp-json\/wp\/v2\/users\/500"}],"replies":[{"embeddable":true,"href":"http:\/\/scouts.es\/agentesdesalud\/wp-json\/wp\/v2\/comments?post=18"}],"version-history":[{"count":4,"href":"http:\/\/scouts.es\/agentesdesalud\/wp-json\/wp\/v2\/pages\/18\/revisions"}],"predecessor-version":[{"id":168,"href":"http:\/\/scouts.es\/agentesdesalud\/wp-json\/wp\/v2\/pages\/18\/revisions\/168"}],"wp:attachment":[{"href":"http:\/\/scouts.es\/agentesdesalud\/wp-json\/wp\/v2\/media?parent=18"}],"curies":[{"name":"wp","href":"https:\/\/api.w.org\/{rel}","templated":true}]}}