{"id":69,"date":"2016-05-31T16:53:25","date_gmt":"2016-05-31T14:53:25","guid":{"rendered":"http:\/\/scouts.es\/agentesdesalud\/?page_id=69"},"modified":"2016-09-02T14:34:07","modified_gmt":"2016-09-02T12:34:07","slug":"concurso","status":"publish","type":"page","link":"http:\/\/scouts.es\/agentesdesalud\/concurso\/","title":{"rendered":"Concurso"},"content":{"rendered":"<p>Pronto daremos m\u00e1s informaci\u00f3n.<\/p>\n","protected":false},"excerpt":{"rendered":"<p>Pronto daremos m\u00e1s informaci\u00f3n.<\/p>\n","protected":false},"author":500,"featured_media":0,"parent":0,"menu_order":3,"comment_status":"closed","ping_status":"closed","template":"","meta":[],"yoast_head":"<!-- This site is optimized with the Yoast SEO plugin v19.9 - https:\/\/yoast.com\/wordpress\/plugins\/seo\/ -->\n<title>Concurso - Agentes de Salud - scouts.es<\/title>\n<meta name=\"robots\" content=\"index, follow, max-snippet:-1, max-image-preview:large, max-video-preview:-1\" \/>\n<link rel=\"canonical\" href=\"https:\/\/scouts.es\/agentesdesalud\/concurso\/\" \/>\n<meta property=\"og:locale\" content=\"es_ES\" \/>\n<meta property=\"og:type\" content=\"article\" \/>\n<meta property=\"og:title\" content=\"Concurso - Agentes de Salud - scouts.es\" \/>\n<meta property=\"og:description\" content=\"Pronto daremos m\u00e1s informaci\u00f3n.\" \/>\n<meta property=\"og:url\" content=\"https:\/\/scouts.es\/agentesdesalud\/concurso\/\" \/>\n<meta property=\"og:site_name\" content=\"Agentes de Salud - scouts.es\" \/>\n<meta property=\"article:modified_time\" content=\"2016-09-02T12:34:07+00:00\" \/>\n<meta name=\"twitter:card\" content=\"summary_large_image\" \/>\n<script type=\"application\/ld+json\" class=\"yoast-schema-graph\">{\"@context\":\"https:\/\/schema.org\",\"@graph\":[{\"@type\":\"WebPage\",\"@id\":\"https:\/\/scouts.es\/agentesdesalud\/concurso\/\",\"url\":\"https:\/\/scouts.es\/agentesdesalud\/concurso\/\",\"name\":\"Concurso - Agentes de Salud - scouts.es\",\"isPartOf\":{\"@id\":\"https:\/\/scouts.es\/agentesdesalud\/#website\"},\"datePublished\":\"2016-05-31T14:53:25+00:00\",\"dateModified\":\"2016-09-02T12:34:07+00:00\",\"breadcrumb\":{\"@id\":\"https:\/\/scouts.es\/agentesdesalud\/concurso\/#breadcrumb\"},\"inLanguage\":\"es\",\"potentialAction\":[{\"@type\":\"ReadAction\",\"target\":[\"https:\/\/scouts.es\/agentesdesalud\/concurso\/\"]}]},{\"@type\":\"BreadcrumbList\",\"@id\":\"https:\/\/scouts.es\/agentesdesalud\/concurso\/#breadcrumb\",\"itemListElement\":[{\"@type\":\"ListItem\",\"position\":1,\"name\":\"Portada\",\"item\":\"https:\/\/scouts.es\/agentesdesalud\/\"},{\"@type\":\"ListItem\",\"position\":2,\"name\":\"Concurso\"}]},{\"@type\":\"WebSite\",\"@id\":\"https:\/\/scouts.es\/agentesdesalud\/#website\",\"url\":\"https:\/\/scouts.es\/agentesdesalud\/\",\"name\":\"Agentes de Salud - scouts.es\",\"description\":\"\",\"potentialAction\":[{\"@type\":\"SearchAction\",\"target\":{\"@type\":\"EntryPoint\",\"urlTemplate\":\"https:\/\/scouts.es\/agentesdesalud\/?s={search_term_string}\"},\"query-input\":\"required name=search_term_string\"}],\"inLanguage\":\"es\"}]}<\/script>\n<!-- \/ Yoast SEO plugin. -->","yoast_head_json":{"title":"Concurso - Agentes de Salud - scouts.es","robots":{"index":"index","follow":"follow","max-snippet":"max-snippet:-1","max-image-preview":"max-image-preview:large","max-video-preview":"max-video-preview:-1"},"canonical":"https:\/\/scouts.es\/agentesdesalud\/concurso\/","og_locale":"es_ES","og_type":"article","og_title":"Concurso - Agentes de Salud - scouts.es","og_description":"Pronto daremos m\u00e1s informaci\u00f3n.","og_url":"https:\/\/scouts.es\/agentesdesalud\/concurso\/","og_site_name":"Agentes de Salud - scouts.es","article_modified_time":"2016-09-02T12:34:07+00:00","twitter_card":"summary_large_image","schema":{"@context":"https:\/\/schema.org","@graph":[{"@type":"WebPage","@id":"https:\/\/scouts.es\/agentesdesalud\/concurso\/","url":"https:\/\/scouts.es\/agentesdesalud\/concurso\/","name":"Concurso - Agentes de Salud - scouts.es","isPartOf":{"@id":"https:\/\/scouts.es\/agentesdesalud\/#website"},"datePublished":"2016-05-31T14:53:25+00:00","dateModified":"2016-09-02T12:34:07+00:00","breadcrumb":{"@id":"https:\/\/scouts.es\/agentesdesalud\/concurso\/#breadcrumb"},"inLanguage":"es","potentialAction":[{"@type":"ReadAction","target":["https:\/\/scouts.es\/agentesdesalud\/concurso\/"]}]},{"@type":"BreadcrumbList","@id":"https:\/\/scouts.es\/agentesdesalud\/concurso\/#breadcrumb","itemListElement":[{"@type":"ListItem","position":1,"name":"Portada","item":"https:\/\/scouts.es\/agentesdesalud\/"},{"@type":"ListItem","position":2,"name":"Concurso"}]},{"@type":"WebSite","@id":"https:\/\/scouts.es\/agentesdesalud\/#website","url":"https:\/\/scouts.es\/agentesdesalud\/","name":"Agentes de Salud - scouts.es","description":"","potentialAction":[{"@type":"SearchAction","target":{"@type":"EntryPoint","urlTemplate":"https:\/\/scouts.es\/agentesdesalud\/?s={search_term_string}"},"query-input":"required name=search_term_string"}],"inLanguage":"es"}]}},"jetpack_sharing_enabled":true,"jetpack_shortlink":"https:\/\/wp.me\/P7DG18-17","jetpack-related-posts":[{"id":85,"url":"http:\/\/scouts.es\/agentesdesalud\/para-saber-faq\/","url_meta":{"origin":69,"position":0},"title":"Para saber m\u00e1s&#8230; FAQ","date":"14 junio, 2016","format":false,"excerpt":"\u00bfNos lo resum\u00eds\u00a0en una frase? Un proyecto en el que pasas\u00a0de ser\u00a0la esponja que se empapa de informaci\u00f3n a la fuente de aprendizaje. Vale, \u00bfy ahora de una forma un poco m\u00e1s extensa pero sin pasarse y sin met\u00e1foras? Un proyecto para formaros en ciertos temas a la vez que\u2026","rel":"","context":"Entrada similar","img":{"alt_text":"","src":"","width":0,"height":0},"classes":[]},{"id":18,"url":"http:\/\/scouts.es\/agentesdesalud\/programa-agentes-salud\/","url_meta":{"origin":69,"position":1},"title":"Qu\u00e9 es el programa de Agentes de Salud","date":"22 agosto, 2014","format":false,"excerpt":"\u00a1Bienvenid@s a\u00a0la web del Programa Agentes de Salud! Pioneros, Rutas (\u00a1tambi\u00e9n Responsables!)\u2026 your attention, please. Est\u00e1is apunto de embarcaros en un maravilloso Programa que Scouts MSC pone en marcha especialmente para vosotros. Bueno, para vosotros y vuestro entorno, pues una vez m\u00e1s estamos pensando en trabajar en proyectos que nos\u2026","rel":"","context":"Entrada similar","img":{"alt_text":"","src":"","width":0,"height":0},"classes":[]},{"id":88,"url":"http:\/\/scouts.es\/agentesdesalud\/acceso-participantes\/","url_meta":{"origin":69,"position":2},"title":"Acceso participantes","date":"14 junio, 2016","format":false,"excerpt":"Esta es un \u00e1rea privada a la que s\u00f3lo pueden acceder los\u00a0usuarios inscritos al Programa Agentes de Salud. Para acceder al Aula virtual con todos los materiales y m\u00e1s informaci\u00f3n, haz clic aqu\u00ed. Para publicar una entrada al blog, introduce con tu nombre de usuario y contrase\u00f1a (si no lo\u2026","rel":"","context":"Entrada similar","img":{"alt_text":"","src":"","width":0,"height":0},"classes":[]},{"id":67,"url":"http:\/\/scouts.es\/agentesdesalud\/protagonistas\/","url_meta":{"origin":69,"position":3},"title":"Protagonistas","date":"31 mayo, 2016","format":false,"excerpt":"En el programa se participa por peque\u00f1os grupos de 5-7 Pioneros o Rutas acompa\u00f1ados por 1 Responsable o Animador. Es perfectamente posible que de un Grupo Scout o Agrupaci\u00f3n Ruta participe m\u00e1s de un peque\u00f1o grupo, pero de forma independiente. Todos, vais a disponer de una serie de herramientas de\u2026","rel":"","context":"Entrada similar","img":{"alt_text":"","src":"","width":0,"height":0},"classes":[]},{"id":2,"url":"http:\/\/scouts.es\/agentesdesalud\/aviso-legal\/","url_meta":{"origin":69,"position":4},"title":"Aviso Legal","date":"22 agosto, 2014","format":false,"excerpt":"En aplicaci\u00f3n de lo dispuesto en la LO 15\/1999, de 13 de diciembre, de Protecci\u00f3n de Datos, as\u00ed como en el reglamento de desarrollo de la misma aprobado mediante el RD 1720\/2007, se informa de que mediante el env\u00edo de sus datos personales, autoriza a que dichos datos se incorporen\u2026","rel":"","context":"Entrada similar","img":{"alt_text":"","src":"","width":0,"height":0},"classes":[]},{"id":10,"url":"http:\/\/scouts.es\/agentesdesalud\/politica-de-datos\/","url_meta":{"origin":69,"position":5},"title":"Pol\u00edtica de datos","date":"22 agosto, 2014","format":false,"excerpt":"GENERAL EMPRESA (\u00a0CIF: 0000) garantiza expresamente que los datos que usted nos facilite son mantenidos con absoluta confidencialidad. Tratamiento de sus datos personales Al objeto de procesar su pedido y de ceder los derechos de reproducci\u00f3n de las im\u00e1genes a nuestros clientes, requerimos nos faciliten ciertos datos personales como la\u2026","rel":"","context":"Entrada similar","img":{"alt_text":"","src":"","width":0,"height":0},"classes":[]}],"_links":{"self":[{"href":"http:\/\/scouts.es\/agentesdesalud\/wp-json\/wp\/v2\/pages\/69"}],"collection":[{"href":"http:\/\/scouts.es\/agentesdesalud\/wp-json\/wp\/v2\/pages"}],"about":[{"href":"http:\/\/scouts.es\/agentesdesalud\/wp-json\/wp\/v2\/types\/page"}],"author":[{"embeddable":true,"href":"http:\/\/scouts.es\/agentesdesalud\/wp-json\/wp\/v2\/users\/500"}],"replies":[{"embeddable":true,"href":"http:\/\/scouts.es\/agentesdesalud\/wp-json\/wp\/v2\/comments?post=69"}],"version-history":[{"count":3,"href":"http:\/\/scouts.es\/agentesdesalud\/wp-json\/wp\/v2\/pages\/69\/revisions"}],"predecessor-version":[{"id":109,"href":"http:\/\/scouts.es\/agentesdesalud\/wp-json\/wp\/v2\/pages\/69\/revisions\/109"}],"wp:attachment":[{"href":"http:\/\/scouts.es\/agentesdesalud\/wp-json\/wp\/v2\/media?parent=69"}],"curies":[{"name":"wp","href":"https:\/\/api.w.org\/{rel}","templated":true}]}}