{"id":85,"date":"2016-06-14T16:56:44","date_gmt":"2016-06-14T14:56:44","guid":{"rendered":"http:\/\/scouts.es\/agentesdesalud\/?page_id=85"},"modified":"2018-10-03T11:05:05","modified_gmt":"2018-10-03T09:05:05","slug":"para-saber-faq","status":"publish","type":"page","link":"http:\/\/scouts.es\/agentesdesalud\/para-saber-faq\/","title":{"rendered":"Para saber m\u00e1s&#8230; FAQ"},"content":{"rendered":"<p><strong>\u00bfNos lo resum\u00eds\u00a0en una frase?<\/strong><\/p>\n<p>Un proyecto en el que pasas\u00a0de ser\u00a0la esponja que se empapa de informaci\u00f3n a la fuente de aprendizaje.<\/p>\n<p><strong>Vale, \u00bfy ahora de una forma un poco m\u00e1s extensa pero sin pasarse y sin met\u00e1foras?<\/strong><\/p>\n<p>Un proyecto para formaros en ciertos temas a la vez que os convert\u00eds en los educadores y expertos de la materia, y todo esto a vuestra medida y ritmo y\u00a0de una forma din\u00e1mica y atractiva. Vamos, un proyecto <em>Juan Palomo, yo me lo guiso yo me lo como<\/em>.<\/p>\n<p><strong>\u00bfSobre qu\u00e9 temas podemos trabajar?<\/strong><\/p>\n<ul>\n<li>Prevenci\u00f3n de adicciones (drogas y adicciones sin sustancia)<\/li>\n<li>Prevenci\u00f3n de los trastornos de la conducta alimentaria<\/li>\n<li>Prevenci\u00f3n del sedentarismo<\/li>\n<\/ul>\n<p><strong>\u00bfPodemos elegir s\u00f3lo un tema?<\/strong><\/p>\n<p>S\u00ed, pod\u00e9is elegir s\u00f3lo un tema y profundizar m\u00e1s o menos, en menor o mayor intensidad&#8230; seg\u00fan vuestras ganas, tiempo&#8230;<\/p>\n<p><strong>Pero, \u00bfqu\u00e9 m\u00e1s podemos aprender de estos temas, si ya lo sabemos todo?<\/strong><\/p>\n<p>Siempre hay cosas nuevas que aprender. Adem\u00e1s, el Programa no est\u00e1 \u00fanicamente pensado para\u00a0aprender sobre estos temas, sino para aprender a llevar a cabo un proyecto, formarse de una manera aut\u00f3noma, convertiros vosotros mismos en los formadores&#8230;<\/p>\n<p><strong>\u00bfA qui\u00e9n va dirigido?<\/strong><\/p>\n<p>Pioneros y Rutas, en grupos de 3 a 7 personas y sus respectivos responsables y animadores (uno por peque\u00f1o grupo).<\/p>\n<p><strong>Pero en nuestra rama somos m\u00e1s de 7 personas, \u00bfno nos podemos inscribir?<\/strong><\/p>\n<p>\u00a1Por supuest\u00edsimo que s\u00ed! Aceptamos\u00a0m\u00e1s de un\u00a0peque\u00f1o grupo por Grupo Scout.<\/p>\n<p><strong>\u00bfCu\u00e1ndo?<\/strong><\/p>\n<p>El Programa est\u00e1 dise\u00f1ado para que se trabaje durante la Ronda Solar.<\/p>\n<p><strong>\u00bfTendremos que dedicarle mucho tiempo?<\/strong><\/p>\n<p>El que vosotros dese\u00e9is, ni m\u00e1s ni menos. Ofrecemos una gu\u00eda, pero sois vosotros los eleg\u00eds el grado de implicaci\u00f3n, profundizaci\u00f3n, implicaci\u00f3n&#8230;<\/p>\n<p><strong>\u00bfHay que inscribirse?<\/strong><\/p>\n<p>Afirmativo. <a href=\"https:\/\/docs.google.com\/a\/scouts.es\/forms\/d\/e\/1FAIpQLSe-uPRfg-y7xtUvwaUS5Ohpnx0nnrevm-p967yk_8t8qYWiwQ\/viewform\" target=\"_blank\" rel=\"noopener\">Aqu\u00ed ten\u00e9is el formulario de inscripci\u00f3n<\/a>.<\/p>\n<p><strong>\u00bfHay alguna parte presencial?<\/strong><\/p>\n<p>\u00a1S\u00ed! No obligatoria pero si muy interesante. Est\u00e1 dirigida a los responsables y animadores para ofrecer recursos, apoyo y todo lo bueno de un finde 100% scout.<\/p>\n<p><strong>\u00bfCu\u00e1nto?<\/strong><\/p>\n<p>\u00a1Gratis!<\/p>\n<p><strong>\u00bfEs un concurso?<\/strong><\/p>\n<p>No es un concurso, aunque s\u00ed que\u00a0convocaremos un concurso para que pod\u00e1is compartir vuestros proyectos y ser doblemente recompensados si result\u00e1is ganadores. <a href=\"http:\/\/scouts.es\/agentesdesalud\/concurso\/\" target=\"_blank\" rel=\"noopener\">Las bases del concurso <em>coming soon<\/em><\/a>.<\/p>\n<p>&nbsp;<\/p>\n<p><strong>\u00bfPor qu\u00e9 hacerlo si vamos a tope?<\/strong><\/p>\n<p>Porque\u00a0os convertir\u00e9is en referentes en vuestro grupo scout, escuela, barrio, comunidad&#8230;<\/p>\n<p>&nbsp;<\/p>\n<p>Recibir\u00e9is una formaci\u00f3n en interesantes \u00e1reas y ampliar\u00e9is vuestros\u00a0conocimientos.<\/p>\n<p>Desarrollar\u00e9is nuevas habilidades que repercutir\u00e1n positivamente en vuestro\u00a0perfil personal,\u00a0scout y laboral.<\/p>\n<p>\u00bfQui\u00e9n puede decir con menos de 18 a\u00f1os que puede preparar un proyecto de esta envergadura, documentarse, impartir talleres, convertirse en un experto en materias tan importantes en nuestra sociedad&#8230;?<\/p>\n<p>&nbsp;<\/p>\n<p>&nbsp;<\/p>\n<p>Para m\u00e1s informaci\u00f3n, enviad un correo a agentesdesalud@scouts.es.<\/p>\n","protected":false},"excerpt":{"rendered":"<p>\u00bfNos lo resum\u00eds\u00a0en una frase? Un proyecto en el que pasas\u00a0de ser\u00a0la esponja que se empapa de informaci\u00f3n a la fuente de aprendizaje. Vale, \u00bfy ahora de una forma un poco m\u00e1s extensa pero sin pasarse y sin met\u00e1foras? Un proyecto para formaros en ciertos temas a la vez que os convert\u00eds en los educadores [&hellip;]<\/p>\n","protected":false},"author":500,"featured_media":0,"parent":0,"menu_order":2,"comment_status":"closed","ping_status":"closed","template":"","meta":[],"yoast_head":"<!-- This site is optimized with the Yoast SEO plugin v19.9 - https:\/\/yoast.com\/wordpress\/plugins\/seo\/ -->\n<title>Para saber m\u00e1s... FAQ - Agentes de Salud - scouts.es<\/title>\n<meta name=\"robots\" content=\"index, follow, max-snippet:-1, max-image-preview:large, max-video-preview:-1\" \/>\n<link rel=\"canonical\" href=\"http:\/\/scouts.es\/agentesdesalud\/para-saber-faq\/\" \/>\n<meta property=\"og:locale\" content=\"es_ES\" \/>\n<meta property=\"og:type\" content=\"article\" \/>\n<meta property=\"og:title\" content=\"Para saber m\u00e1s... FAQ - Agentes de Salud - scouts.es\" \/>\n<meta property=\"og:description\" content=\"\u00bfNos lo resum\u00eds\u00a0en una frase? Un proyecto en el que pasas\u00a0de ser\u00a0la esponja que se empapa de informaci\u00f3n a la fuente de aprendizaje. Vale, \u00bfy ahora de una forma un poco m\u00e1s extensa pero sin pasarse y sin met\u00e1foras? Un proyecto para formaros en ciertos temas a la vez que os convert\u00eds en los educadores [&hellip;]\" \/>\n<meta property=\"og:url\" content=\"http:\/\/scouts.es\/agentesdesalud\/para-saber-faq\/\" \/>\n<meta property=\"og:site_name\" content=\"Agentes de Salud - scouts.es\" \/>\n<meta property=\"article:modified_time\" content=\"2018-10-03T09:05:05+00:00\" \/>\n<meta name=\"twitter:card\" content=\"summary_large_image\" \/>\n<meta name=\"twitter:label1\" content=\"Tiempo de lectura\" \/>\n\t<meta name=\"twitter:data1\" content=\"2 minutos\" \/>\n<script type=\"application\/ld+json\" class=\"yoast-schema-graph\">{\"@context\":\"https:\/\/schema.org\",\"@graph\":[{\"@type\":\"WebPage\",\"@id\":\"http:\/\/scouts.es\/agentesdesalud\/para-saber-faq\/\",\"url\":\"http:\/\/scouts.es\/agentesdesalud\/para-saber-faq\/\",\"name\":\"Para saber m\u00e1s... FAQ - Agentes de Salud - scouts.es\",\"isPartOf\":{\"@id\":\"http:\/\/scouts.es\/agentesdesalud\/#website\"},\"datePublished\":\"2016-06-14T14:56:44+00:00\",\"dateModified\":\"2018-10-03T09:05:05+00:00\",\"breadcrumb\":{\"@id\":\"http:\/\/scouts.es\/agentesdesalud\/para-saber-faq\/#breadcrumb\"},\"inLanguage\":\"es\",\"potentialAction\":[{\"@type\":\"ReadAction\",\"target\":[\"http:\/\/scouts.es\/agentesdesalud\/para-saber-faq\/\"]}]},{\"@type\":\"BreadcrumbList\",\"@id\":\"http:\/\/scouts.es\/agentesdesalud\/para-saber-faq\/#breadcrumb\",\"itemListElement\":[{\"@type\":\"ListItem\",\"position\":1,\"name\":\"Portada\",\"item\":\"http:\/\/scouts.es\/agentesdesalud\/\"},{\"@type\":\"ListItem\",\"position\":2,\"name\":\"Para saber m\u00e1s&#8230; FAQ\"}]},{\"@type\":\"WebSite\",\"@id\":\"http:\/\/scouts.es\/agentesdesalud\/#website\",\"url\":\"http:\/\/scouts.es\/agentesdesalud\/\",\"name\":\"Agentes de Salud - scouts.es\",\"description\":\"\",\"potentialAction\":[{\"@type\":\"SearchAction\",\"target\":{\"@type\":\"EntryPoint\",\"urlTemplate\":\"http:\/\/scouts.es\/agentesdesalud\/?s={search_term_string}\"},\"query-input\":\"required name=search_term_string\"}],\"inLanguage\":\"es\"}]}<\/script>\n<!-- \/ Yoast SEO plugin. -->","yoast_head_json":{"title":"Para saber m\u00e1s... FAQ - Agentes de Salud - scouts.es","robots":{"index":"index","follow":"follow","max-snippet":"max-snippet:-1","max-image-preview":"max-image-preview:large","max-video-preview":"max-video-preview:-1"},"canonical":"http:\/\/scouts.es\/agentesdesalud\/para-saber-faq\/","og_locale":"es_ES","og_type":"article","og_title":"Para saber m\u00e1s... FAQ - Agentes de Salud - scouts.es","og_description":"\u00bfNos lo resum\u00eds\u00a0en una frase? Un proyecto en el que pasas\u00a0de ser\u00a0la esponja que se empapa de informaci\u00f3n a la fuente de aprendizaje. Vale, \u00bfy ahora de una forma un poco m\u00e1s extensa pero sin pasarse y sin met\u00e1foras? Un proyecto para formaros en ciertos temas a la vez que os convert\u00eds en los educadores [&hellip;]","og_url":"http:\/\/scouts.es\/agentesdesalud\/para-saber-faq\/","og_site_name":"Agentes de Salud - scouts.es","article_modified_time":"2018-10-03T09:05:05+00:00","twitter_card":"summary_large_image","twitter_misc":{"Tiempo de lectura":"2 minutos"},"schema":{"@context":"https:\/\/schema.org","@graph":[{"@type":"WebPage","@id":"http:\/\/scouts.es\/agentesdesalud\/para-saber-faq\/","url":"http:\/\/scouts.es\/agentesdesalud\/para-saber-faq\/","name":"Para saber m\u00e1s... FAQ - Agentes de Salud - scouts.es","isPartOf":{"@id":"http:\/\/scouts.es\/agentesdesalud\/#website"},"datePublished":"2016-06-14T14:56:44+00:00","dateModified":"2018-10-03T09:05:05+00:00","breadcrumb":{"@id":"http:\/\/scouts.es\/agentesdesalud\/para-saber-faq\/#breadcrumb"},"inLanguage":"es","potentialAction":[{"@type":"ReadAction","target":["http:\/\/scouts.es\/agentesdesalud\/para-saber-faq\/"]}]},{"@type":"BreadcrumbList","@id":"http:\/\/scouts.es\/agentesdesalud\/para-saber-faq\/#breadcrumb","itemListElement":[{"@type":"ListItem","position":1,"name":"Portada","item":"http:\/\/scouts.es\/agentesdesalud\/"},{"@type":"ListItem","position":2,"name":"Para saber m\u00e1s&#8230; FAQ"}]},{"@type":"WebSite","@id":"http:\/\/scouts.es\/agentesdesalud\/#website","url":"http:\/\/scouts.es\/agentesdesalud\/","name":"Agentes de Salud - scouts.es","description":"","potentialAction":[{"@type":"SearchAction","target":{"@type":"EntryPoint","urlTemplate":"http:\/\/scouts.es\/agentesdesalud\/?s={search_term_string}"},"query-input":"required name=search_term_string"}],"inLanguage":"es"}]}},"jetpack_sharing_enabled":true,"jetpack_shortlink":"https:\/\/wp.me\/P7DG18-1n","jetpack-related-posts":[{"id":18,"url":"http:\/\/scouts.es\/agentesdesalud\/programa-agentes-salud\/","url_meta":{"origin":85,"position":0},"title":"Qu\u00e9 es el programa de Agentes de Salud","date":"22 agosto, 2014","format":false,"excerpt":"\u00a1Bienvenid@s a\u00a0la web del Programa Agentes de Salud! Pioneros, Rutas (\u00a1tambi\u00e9n Responsables!)\u2026 your attention, please. Est\u00e1is apunto de embarcaros en un maravilloso Programa que Scouts MSC pone en marcha especialmente para vosotros. Bueno, para vosotros y vuestro entorno, pues una vez m\u00e1s estamos pensando en trabajar en proyectos que nos\u2026","rel":"","context":"Entrada similar","img":{"alt_text":"","src":"","width":0,"height":0},"classes":[]},{"id":67,"url":"http:\/\/scouts.es\/agentesdesalud\/protagonistas\/","url_meta":{"origin":85,"position":1},"title":"Protagonistas","date":"31 mayo, 2016","format":false,"excerpt":"En el programa se participa por peque\u00f1os grupos de 5-7 Pioneros o Rutas acompa\u00f1ados por 1 Responsable o Animador. Es perfectamente posible que de un Grupo Scout o Agrupaci\u00f3n Ruta participe m\u00e1s de un peque\u00f1o grupo, pero de forma independiente. Todos, vais a disponer de una serie de herramientas de\u2026","rel":"","context":"Entrada similar","img":{"alt_text":"","src":"","width":0,"height":0},"classes":[]},{"id":10,"url":"http:\/\/scouts.es\/agentesdesalud\/politica-de-datos\/","url_meta":{"origin":85,"position":2},"title":"Pol\u00edtica de datos","date":"22 agosto, 2014","format":false,"excerpt":"GENERAL EMPRESA (\u00a0CIF: 0000) garantiza expresamente que los datos que usted nos facilite son mantenidos con absoluta confidencialidad. Tratamiento de sus datos personales Al objeto de procesar su pedido y de ceder los derechos de reproducci\u00f3n de las im\u00e1genes a nuestros clientes, requerimos nos faciliten ciertos datos personales como la\u2026","rel":"","context":"Entrada similar","img":{"alt_text":"","src":"","width":0,"height":0},"classes":[]},{"id":2,"url":"http:\/\/scouts.es\/agentesdesalud\/aviso-legal\/","url_meta":{"origin":85,"position":3},"title":"Aviso Legal","date":"22 agosto, 2014","format":false,"excerpt":"En aplicaci\u00f3n de lo dispuesto en la LO 15\/1999, de 13 de diciembre, de Protecci\u00f3n de Datos, as\u00ed como en el reglamento de desarrollo de la misma aprobado mediante el RD 1720\/2007, se informa de que mediante el env\u00edo de sus datos personales, autoriza a que dichos datos se incorporen\u2026","rel":"","context":"Entrada similar","img":{"alt_text":"","src":"","width":0,"height":0},"classes":[]},{"id":88,"url":"http:\/\/scouts.es\/agentesdesalud\/acceso-participantes\/","url_meta":{"origin":85,"position":4},"title":"Acceso participantes","date":"14 junio, 2016","format":false,"excerpt":"Esta es un \u00e1rea privada a la que s\u00f3lo pueden acceder los\u00a0usuarios inscritos al Programa Agentes de Salud. Para acceder al Aula virtual con todos los materiales y m\u00e1s informaci\u00f3n, haz clic aqu\u00ed. Para publicar una entrada al blog, introduce con tu nombre de usuario y contrase\u00f1a (si no lo\u2026","rel":"","context":"Entrada similar","img":{"alt_text":"","src":"","width":0,"height":0},"classes":[]}],"_links":{"self":[{"href":"http:\/\/scouts.es\/agentesdesalud\/wp-json\/wp\/v2\/pages\/85"}],"collection":[{"href":"http:\/\/scouts.es\/agentesdesalud\/wp-json\/wp\/v2\/pages"}],"about":[{"href":"http:\/\/scouts.es\/agentesdesalud\/wp-json\/wp\/v2\/types\/page"}],"author":[{"embeddable":true,"href":"http:\/\/scouts.es\/agentesdesalud\/wp-json\/wp\/v2\/users\/500"}],"replies":[{"embeddable":true,"href":"http:\/\/scouts.es\/agentesdesalud\/wp-json\/wp\/v2\/comments?post=85"}],"version-history":[{"count":3,"href":"http:\/\/scouts.es\/agentesdesalud\/wp-json\/wp\/v2\/pages\/85\/revisions"}],"predecessor-version":[{"id":192,"href":"http:\/\/scouts.es\/agentesdesalud\/wp-json\/wp\/v2\/pages\/85\/revisions\/192"}],"wp:attachment":[{"href":"http:\/\/scouts.es\/agentesdesalud\/wp-json\/wp\/v2\/media?parent=85"}],"curies":[{"name":"wp","href":"https:\/\/api.w.org\/{rel}","templated":true}]}}