{"id":88,"date":"2016-06-14T16:57:40","date_gmt":"2016-06-14T14:57:40","guid":{"rendered":"http:\/\/scouts.es\/agentesdesalud\/?page_id=88"},"modified":"2016-09-27T17:55:19","modified_gmt":"2016-09-27T15:55:19","slug":"acceso-participantes","status":"publish","type":"page","link":"http:\/\/scouts.es\/agentesdesalud\/acceso-participantes\/","title":{"rendered":"Acceso participantes"},"content":{"rendered":"<p>Esta es un \u00e1rea privada a la que s\u00f3lo pueden acceder los\u00a0usuarios inscritos al Programa Agentes de Salud.<\/p>\n<ul>\n<li>Para acceder al <strong>Aula virtual<\/strong> con todos los materiales y m\u00e1s informaci\u00f3n, <a href=\"http:\/\/formacion.scouts.es\/course\/view.php?id=4\" target=\"_blank\">haz clic aqu\u00ed<\/a>.<\/li>\n<li>Para publicar una entrada al blog, introduce con tu <strong>nombre de usuario<\/strong> y <strong>contrase\u00f1a<\/strong> (si no lo recuerdas, escribe a agentesdesalud@scouts.es):<\/li>\n<\/ul>\n\t\t<script>\r\n\t\t\tfunction closeMessage(){jQuery('.error_wid_login').hide();}\r\n\t\t\tjQuery(document).ready(function () {\r\n\t\t\t\tjQuery('#login').validate({ errorClass: \"lw-error\" });\r\n\t\t\t});\r\n\t\t<\/script>\r\n\t\r\n<div class=\"login-wrap\">\r\n\r\n\t<div id=\"login-form\" class=\"login-form \">\r\n\r\n\t\t\r\n\t\t\r\n\t\t<form name=\"login\" id=\"login\" method=\"post\" action=\"\" autocomplete=\"off\" >\r\n\r\n\t\t\r\n\t\t<input type=\"hidden\" name=\"option\" value=\"ap_user_login\" \/>\r\n\t\t<input type=\"hidden\" name=\"redirect\" value=\"http:\/\/scouts.es\/agentesdesalud\/wp-admin\/\" \/>\r\n\t\t<div class=\"log-form-group\">\r\n\t\t\t<label for=\"userusername\">Nombre de usuario <\/label>\r\n\t\t\t<input type=\"text\" name=\"userusername\" id=\"userusername\" title=\"Please enter username\"  required\/>\r\n\t\t<\/div>\r\n\t\t<div class=\"log-form-group\">\r\n\t\t\t<label for=\"userpassword\">Contrase\u00f1a <\/label>\r\n\t\t\t<input type=\"password\" name=\"userpassword\" id=\"userpassword\" title=\"Please enter password\"  required\/>\r\n\t\t<\/div>\r\n\r\n\t\t\r\n\t\t<p class=\"cptch_block\"><span class=\"cptch_wrap cptch_math_actions\">\r\n\t\t\t\t<label class=\"cptch_label\" for=\"cptch_input_48\"><span class=\"cptch_span\">9<\/span>\r\n\t\t\t\t\t<span class=\"cptch_span\">&nbsp;&minus;&nbsp;<\/span>\r\n\t\t\t\t\t<span class=\"cptch_span\">9<\/span>\r\n\t\t\t\t\t<span class=\"cptch_span\">&nbsp;=&nbsp;<\/span>\r\n\t\t\t\t\t<span class=\"cptch_span\"><input id=\"cptch_input_48\" class=\"cptch_input cptch_wp_login\" type=\"text\" autocomplete=\"off\" name=\"cptch_number\" value=\"\" maxlength=\"2\" size=\"2\" aria-required=\"true\" required=\"required\" style=\"margin-bottom:0;display:inline;font-size: 12px;width: 40px;\" \/><\/span>\r\n\t\t\t\t\t<input type=\"hidden\" name=\"cptch_result\" value=\"oNg=\" \/><input type=\"hidden\" name=\"cptch_time\" value=\"1778253635\" \/>\r\n\t\t\t\t\t<input type=\"hidden\" name=\"cptch_form\" value=\"wp_login\" \/>\r\n\t\t\t\t<\/label><span class=\"cptch_reload_button_wrap hide-if-no-js\">\r\n\t\t\t\t\t<noscript>\r\n\t\t\t\t\t\t<style type=\"text\/css\">\r\n\t\t\t\t\t\t\t.hide-if-no-js {\r\n\t\t\t\t\t\t\t\tdisplay: none !important;\r\n\t\t\t\t\t\t\t}\r\n\t\t\t\t\t\t<\/style>\r\n\t\t\t\t\t<\/noscript>\r\n\t\t\t\t\t<span class=\"cptch_reload_button dashicons dashicons-update\"><\/span>\r\n\t\t\t\t<\/span><\/span><\/p><br \/>\r\n\t\t\r\n\t\t<div class=\"login-submit\"><input name=\"login\" type=\"submit\" value=\"Iniciar sesi\u00f3n\" \/><\/div>\r\n\r\n\t\t<div class=\"log-form-group extra-links\">\r\n\t\t\t\t\t<\/div>\r\n\r\n\t\t<\/form>\r\n\r\n\t\t\r\n\t\t<\/div>\r\n\r\n<\/div>\r\n\r\n\n","protected":false},"excerpt":{"rendered":"<p>Esta es un \u00e1rea privada a la que s\u00f3lo pueden acceder los\u00a0usuarios inscritos al Programa Agentes de Salud. Para acceder al Aula virtual con todos los materiales y m\u00e1s informaci\u00f3n, haz clic aqu\u00ed. Para publicar una entrada al blog, introduce con tu nombre de usuario y contrase\u00f1a (si no lo recuerdas, escribe a agentesdesalud@scouts.es):<\/p>\n","protected":false},"author":500,"featured_media":0,"parent":0,"menu_order":1,"comment_status":"closed","ping_status":"closed","template":"","meta":[],"yoast_head":"<!-- This site is optimized with the Yoast SEO plugin v19.9 - https:\/\/yoast.com\/wordpress\/plugins\/seo\/ -->\n<title>Acceso participantes - Agentes de Salud - scouts.es<\/title>\n<meta name=\"robots\" content=\"index, follow, max-snippet:-1, max-image-preview:large, max-video-preview:-1\" \/>\n<link rel=\"canonical\" href=\"https:\/\/scouts.es\/agentesdesalud\/acceso-participantes\/\" \/>\n<meta property=\"og:locale\" content=\"es_ES\" \/>\n<meta property=\"og:type\" content=\"article\" \/>\n<meta property=\"og:title\" content=\"Acceso participantes - Agentes de Salud - scouts.es\" \/>\n<meta property=\"og:description\" content=\"Esta es un \u00e1rea privada a la que s\u00f3lo pueden acceder los\u00a0usuarios inscritos al Programa Agentes de Salud. Para acceder al Aula virtual con todos los materiales y m\u00e1s informaci\u00f3n, haz clic aqu\u00ed. Para publicar una entrada al blog, introduce con tu nombre de usuario y contrase\u00f1a (si no lo recuerdas, escribe a agentesdesalud@scouts.es):\" \/>\n<meta property=\"og:url\" content=\"https:\/\/scouts.es\/agentesdesalud\/acceso-participantes\/\" \/>\n<meta property=\"og:site_name\" content=\"Agentes de Salud - scouts.es\" \/>\n<meta property=\"article:modified_time\" content=\"2016-09-27T15:55:19+00:00\" \/>\n<meta name=\"twitter:card\" content=\"summary_large_image\" \/>\n<script type=\"application\/ld+json\" class=\"yoast-schema-graph\">{\"@context\":\"https:\/\/schema.org\",\"@graph\":[{\"@type\":\"WebPage\",\"@id\":\"https:\/\/scouts.es\/agentesdesalud\/acceso-participantes\/\",\"url\":\"https:\/\/scouts.es\/agentesdesalud\/acceso-participantes\/\",\"name\":\"Acceso participantes - Agentes de Salud - scouts.es\",\"isPartOf\":{\"@id\":\"http:\/\/scouts.es\/agentesdesalud\/#website\"},\"datePublished\":\"2016-06-14T14:57:40+00:00\",\"dateModified\":\"2016-09-27T15:55:19+00:00\",\"breadcrumb\":{\"@id\":\"https:\/\/scouts.es\/agentesdesalud\/acceso-participantes\/#breadcrumb\"},\"inLanguage\":\"es\",\"potentialAction\":[{\"@type\":\"ReadAction\",\"target\":[\"https:\/\/scouts.es\/agentesdesalud\/acceso-participantes\/\"]}]},{\"@type\":\"BreadcrumbList\",\"@id\":\"https:\/\/scouts.es\/agentesdesalud\/acceso-participantes\/#breadcrumb\",\"itemListElement\":[{\"@type\":\"ListItem\",\"position\":1,\"name\":\"Portada\",\"item\":\"http:\/\/scouts.es\/agentesdesalud\/\"},{\"@type\":\"ListItem\",\"position\":2,\"name\":\"Acceso participantes\"}]},{\"@type\":\"WebSite\",\"@id\":\"http:\/\/scouts.es\/agentesdesalud\/#website\",\"url\":\"http:\/\/scouts.es\/agentesdesalud\/\",\"name\":\"Agentes de Salud - scouts.es\",\"description\":\"\",\"potentialAction\":[{\"@type\":\"SearchAction\",\"target\":{\"@type\":\"EntryPoint\",\"urlTemplate\":\"http:\/\/scouts.es\/agentesdesalud\/?s={search_term_string}\"},\"query-input\":\"required name=search_term_string\"}],\"inLanguage\":\"es\"}]}<\/script>\n<!-- \/ Yoast SEO plugin. -->","yoast_head_json":{"title":"Acceso participantes - Agentes de Salud - scouts.es","robots":{"index":"index","follow":"follow","max-snippet":"max-snippet:-1","max-image-preview":"max-image-preview:large","max-video-preview":"max-video-preview:-1"},"canonical":"https:\/\/scouts.es\/agentesdesalud\/acceso-participantes\/","og_locale":"es_ES","og_type":"article","og_title":"Acceso participantes - Agentes de Salud - scouts.es","og_description":"Esta es un \u00e1rea privada a la que s\u00f3lo pueden acceder los\u00a0usuarios inscritos al Programa Agentes de Salud. Para acceder al Aula virtual con todos los materiales y m\u00e1s informaci\u00f3n, haz clic aqu\u00ed. Para publicar una entrada al blog, introduce con tu nombre de usuario y contrase\u00f1a (si no lo recuerdas, escribe a agentesdesalud@scouts.es):","og_url":"https:\/\/scouts.es\/agentesdesalud\/acceso-participantes\/","og_site_name":"Agentes de Salud - scouts.es","article_modified_time":"2016-09-27T15:55:19+00:00","twitter_card":"summary_large_image","schema":{"@context":"https:\/\/schema.org","@graph":[{"@type":"WebPage","@id":"https:\/\/scouts.es\/agentesdesalud\/acceso-participantes\/","url":"https:\/\/scouts.es\/agentesdesalud\/acceso-participantes\/","name":"Acceso participantes - Agentes de Salud - scouts.es","isPartOf":{"@id":"http:\/\/scouts.es\/agentesdesalud\/#website"},"datePublished":"2016-06-14T14:57:40+00:00","dateModified":"2016-09-27T15:55:19+00:00","breadcrumb":{"@id":"https:\/\/scouts.es\/agentesdesalud\/acceso-participantes\/#breadcrumb"},"inLanguage":"es","potentialAction":[{"@type":"ReadAction","target":["https:\/\/scouts.es\/agentesdesalud\/acceso-participantes\/"]}]},{"@type":"BreadcrumbList","@id":"https:\/\/scouts.es\/agentesdesalud\/acceso-participantes\/#breadcrumb","itemListElement":[{"@type":"ListItem","position":1,"name":"Portada","item":"http:\/\/scouts.es\/agentesdesalud\/"},{"@type":"ListItem","position":2,"name":"Acceso participantes"}]},{"@type":"WebSite","@id":"http:\/\/scouts.es\/agentesdesalud\/#website","url":"http:\/\/scouts.es\/agentesdesalud\/","name":"Agentes de Salud - scouts.es","description":"","potentialAction":[{"@type":"SearchAction","target":{"@type":"EntryPoint","urlTemplate":"http:\/\/scouts.es\/agentesdesalud\/?s={search_term_string}"},"query-input":"required name=search_term_string"}],"inLanguage":"es"}]}},"jetpack_sharing_enabled":true,"jetpack_shortlink":"https:\/\/wp.me\/P7DG18-1q","jetpack-related-posts":[{"id":67,"url":"http:\/\/scouts.es\/agentesdesalud\/protagonistas\/","url_meta":{"origin":88,"position":0},"title":"Protagonistas","date":"31 mayo, 2016","format":false,"excerpt":"En el programa se participa por peque\u00f1os grupos de 5-7 Pioneros o Rutas acompa\u00f1ados por 1 Responsable o Animador. Es perfectamente posible que de un Grupo Scout o Agrupaci\u00f3n Ruta participe m\u00e1s de un peque\u00f1o grupo, pero de forma independiente. Todos, vais a disponer de una serie de herramientas de\u2026","rel":"","context":"Entrada similar","img":{"alt_text":"","src":"","width":0,"height":0},"classes":[]},{"id":10,"url":"http:\/\/scouts.es\/agentesdesalud\/politica-de-datos\/","url_meta":{"origin":88,"position":1},"title":"Pol\u00edtica de datos","date":"22 agosto, 2014","format":false,"excerpt":"GENERAL EMPRESA (\u00a0CIF: 0000) garantiza expresamente que los datos que usted nos facilite son mantenidos con absoluta confidencialidad. Tratamiento de sus datos personales Al objeto de procesar su pedido y de ceder los derechos de reproducci\u00f3n de las im\u00e1genes a nuestros clientes, requerimos nos faciliten ciertos datos personales como la\u2026","rel":"","context":"Entrada similar","img":{"alt_text":"","src":"","width":0,"height":0},"classes":[]}],"_links":{"self":[{"href":"http:\/\/scouts.es\/agentesdesalud\/wp-json\/wp\/v2\/pages\/88"}],"collection":[{"href":"http:\/\/scouts.es\/agentesdesalud\/wp-json\/wp\/v2\/pages"}],"about":[{"href":"http:\/\/scouts.es\/agentesdesalud\/wp-json\/wp\/v2\/types\/page"}],"author":[{"embeddable":true,"href":"http:\/\/scouts.es\/agentesdesalud\/wp-json\/wp\/v2\/users\/500"}],"replies":[{"embeddable":true,"href":"http:\/\/scouts.es\/agentesdesalud\/wp-json\/wp\/v2\/comments?post=88"}],"version-history":[{"count":3,"href":"http:\/\/scouts.es\/agentesdesalud\/wp-json\/wp\/v2\/pages\/88\/revisions"}],"predecessor-version":[{"id":150,"href":"http:\/\/scouts.es\/agentesdesalud\/wp-json\/wp\/v2\/pages\/88\/revisions\/150"}],"wp:attachment":[{"href":"http:\/\/scouts.es\/agentesdesalud\/wp-json\/wp\/v2\/media?parent=88"}],"curies":[{"name":"wp","href":"https:\/\/api.w.org\/{rel}","templated":true}]}}