{"id":67,"date":"2016-05-31T16:52:59","date_gmt":"2016-05-31T14:52:59","guid":{"rendered":"http:\/\/scouts.es\/agentesdesalud\/?page_id=67"},"modified":"2018-02-16T12:32:32","modified_gmt":"2018-02-16T11:32:32","slug":"protagonistas","status":"publish","type":"page","link":"https:\/\/scouts.es\/agentesdesalud\/protagonistas\/","title":{"rendered":"Protagonistas"},"content":{"rendered":"<p><span style=\"font-weight: 400;\">En el programa se participa por peque\u00f1os grupos de 5-7 <strong>Pioneros<\/strong> o <strong>Rutas<\/strong> acompa\u00f1ados por 1 <strong>Responsable<\/strong> o <strong>Animador<\/strong>. <\/span><\/p>\n<p><span style=\"font-weight: 400;\">Es perfectamente posible que de un Grupo Scout o Agrupaci\u00f3n Ruta participe m\u00e1s de un peque\u00f1o grupo, pero de forma independiente.<\/span><\/p>\n<p><span style=\"font-weight: 400;\">Todos, vais a disponer de una serie de herramientas de ayuda:<\/span><\/p>\n<ul>\n<li style=\"font-weight: 400;\"><span style=\"font-weight: 400;\">Esta Gu\u00eda del programa.<\/span><\/li>\n<li style=\"font-weight: 400;\"><span style=\"font-weight: 400;\">Un manual de formaci\u00f3n para ayudaros en la fase 2.<\/span><\/li>\n<li style=\"font-weight: 400;\"><span style=\"font-weight: 400;\">Un manual sobre c\u00f3mo dise\u00f1ar un buen proyecto, tambi\u00e9n orientado a la fase 2. <\/span><\/li>\n<\/ul>\n<p>&nbsp;<\/p>\n<h5><span style=\"font-weight: 400;\">Adem\u00e1s, los <strong>Pioneros y Rutas<\/strong> vais a tener acceso a:<\/span><\/h5>\n<ul>\n<li style=\"font-weight: 400;\"><span style=\"font-weight: 400;\"><strong>Un blog<\/strong>, <\/span><a href=\"http:\/\/www.scouts.es\/agentesdesalud\"><span style=\"font-weight: 400;\">www.scouts.es\/agentesdesalud<\/span><\/a><span style=\"font-weight: 400;\"> que gestionar\u00e9is vosotros mismos mostrar lo que est\u00e1is haciendo, resolver dudas, contactar con otros Pioneros y Rutas\u2026<\/span><\/li>\n<li style=\"font-weight: 400;\"><span style=\"font-weight: 400;\"><strong>Una intranet<\/strong> de d\u00f3nde podr\u00e9is descargar documentos interesantes, recursos extra, etc.<\/span><\/li>\n<\/ul>\n<p>&nbsp;<\/p>\n<h5><span style=\"font-weight: 400;\">En el caso de los <strong>Responsables y los Animadores<\/strong>, dispondr\u00e9is\u00a0de:<\/span><\/h5>\n<ul>\n<li style=\"font-weight: 400;\"><span style=\"font-weight: 400;\">Un espacio virtual que sirva para el desarrollo de la fase on-line de la formaci\u00f3n sobre el programa: resolver dudas, acceder a ciertos recursos, intercambiar necesidades y experiencias con otros Responsables y Animadores.<\/span><\/li>\n<\/ul>\n<p><span style=\"font-weight: 400;\">Y van a poder asistir tambi\u00e9n a un <strong>encuentro formativo<\/strong> <strong>presencial<\/strong> de un fin de semana para conocer perfectamente el funcionamiento del programa y para mejorar sus competencias en la prevenci\u00f3n de drogodependencias y otras adicciones, trastornos alimentarios y sedentarismo. <\/span><\/p>\n<p><span style=\"font-weight: 400;\"><strong>Este encuentro est\u00e1 abierto a todos los Responsables y Animadores<\/strong> que est\u00e9n interesados en estas tem\u00e1ticas, no es necesario estar inscrito en el programa con anterioridad para asistir.<\/span><\/p>\n<h5><span style=\"font-weight: 400;\">Formaci\u00f3n para Responsables<br \/>\n<\/span><\/h5>\n<p>Este a\u00f1o 2018, la formaci\u00f3n tendr\u00e1 lugar el 17 y 18 en la Escuela de Marzo. Tienes de plazo hasta el 26 de febrero (1er plazo -40 euros) o apurar hasta el 4 de marzo (precio 45 euros). M\u00e1s informaci\u00f3n sobre<a href=\"http:\/\/scouts.es\/escuela-de-marzo\/\"> la Escuela de Marzo aqu\u00ed.<\/a><\/p>\n<p>&nbsp;<\/p>\n","protected":false},"excerpt":{"rendered":"<p>En el programa se participa por peque\u00f1os grupos de 5-7 Pioneros o Rutas acompa\u00f1ados por 1 Responsable o Animador. Es perfectamente posible que de un Grupo Scout o Agrupaci\u00f3n Ruta participe m\u00e1s de un peque\u00f1o grupo, pero de forma independiente. Todos, vais a disponer de una serie de herramientas de ayuda: Esta Gu\u00eda del programa. [&hellip;]<\/p>\n","protected":false},"author":500,"featured_media":0,"parent":0,"menu_order":4,"comment_status":"closed","ping_status":"closed","template":"","meta":[],"yoast_head":"<!-- This site is optimized with the Yoast SEO plugin v19.9 - https:\/\/yoast.com\/wordpress\/plugins\/seo\/ -->\n<title>Protagonistas - Agentes de Salud - scouts.es<\/title>\n<meta name=\"robots\" content=\"index, follow, max-snippet:-1, max-image-preview:large, max-video-preview:-1\" \/>\n<link rel=\"canonical\" href=\"http:\/\/scouts.es\/agentesdesalud\/protagonistas\/\" \/>\n<meta property=\"og:locale\" content=\"es_ES\" \/>\n<meta property=\"og:type\" content=\"article\" \/>\n<meta property=\"og:title\" content=\"Protagonistas - Agentes de Salud - scouts.es\" \/>\n<meta property=\"og:description\" content=\"En el programa se participa por peque\u00f1os grupos de 5-7 Pioneros o Rutas acompa\u00f1ados por 1 Responsable o Animador. Es perfectamente posible que de un Grupo Scout o Agrupaci\u00f3n Ruta participe m\u00e1s de un peque\u00f1o grupo, pero de forma independiente. Todos, vais a disponer de una serie de herramientas de ayuda: Esta Gu\u00eda del programa. [&hellip;]\" \/>\n<meta property=\"og:url\" content=\"http:\/\/scouts.es\/agentesdesalud\/protagonistas\/\" \/>\n<meta property=\"og:site_name\" content=\"Agentes de Salud - scouts.es\" \/>\n<meta property=\"article:modified_time\" content=\"2018-02-16T11:32:32+00:00\" \/>\n<meta name=\"twitter:card\" content=\"summary_large_image\" \/>\n<meta name=\"twitter:label1\" content=\"Tiempo de lectura\" \/>\n\t<meta name=\"twitter:data1\" content=\"2 minutos\" \/>\n<script type=\"application\/ld+json\" class=\"yoast-schema-graph\">{\"@context\":\"https:\/\/schema.org\",\"@graph\":[{\"@type\":\"WebPage\",\"@id\":\"http:\/\/scouts.es\/agentesdesalud\/protagonistas\/\",\"url\":\"http:\/\/scouts.es\/agentesdesalud\/protagonistas\/\",\"name\":\"Protagonistas - Agentes de Salud - scouts.es\",\"isPartOf\":{\"@id\":\"https:\/\/scouts.es\/agentesdesalud\/#website\"},\"datePublished\":\"2016-05-31T14:52:59+00:00\",\"dateModified\":\"2018-02-16T11:32:32+00:00\",\"breadcrumb\":{\"@id\":\"http:\/\/scouts.es\/agentesdesalud\/protagonistas\/#breadcrumb\"},\"inLanguage\":\"es\",\"potentialAction\":[{\"@type\":\"ReadAction\",\"target\":[\"http:\/\/scouts.es\/agentesdesalud\/protagonistas\/\"]}]},{\"@type\":\"BreadcrumbList\",\"@id\":\"http:\/\/scouts.es\/agentesdesalud\/protagonistas\/#breadcrumb\",\"itemListElement\":[{\"@type\":\"ListItem\",\"position\":1,\"name\":\"Portada\",\"item\":\"https:\/\/scouts.es\/agentesdesalud\/\"},{\"@type\":\"ListItem\",\"position\":2,\"name\":\"Protagonistas\"}]},{\"@type\":\"WebSite\",\"@id\":\"https:\/\/scouts.es\/agentesdesalud\/#website\",\"url\":\"https:\/\/scouts.es\/agentesdesalud\/\",\"name\":\"Agentes de Salud - scouts.es\",\"description\":\"\",\"potentialAction\":[{\"@type\":\"SearchAction\",\"target\":{\"@type\":\"EntryPoint\",\"urlTemplate\":\"https:\/\/scouts.es\/agentesdesalud\/?s={search_term_string}\"},\"query-input\":\"required name=search_term_string\"}],\"inLanguage\":\"es\"}]}<\/script>\n<!-- \/ Yoast SEO plugin. -->","yoast_head_json":{"title":"Protagonistas - Agentes de Salud - scouts.es","robots":{"index":"index","follow":"follow","max-snippet":"max-snippet:-1","max-image-preview":"max-image-preview:large","max-video-preview":"max-video-preview:-1"},"canonical":"http:\/\/scouts.es\/agentesdesalud\/protagonistas\/","og_locale":"es_ES","og_type":"article","og_title":"Protagonistas - Agentes de Salud - scouts.es","og_description":"En el programa se participa por peque\u00f1os grupos de 5-7 Pioneros o Rutas acompa\u00f1ados por 1 Responsable o Animador. Es perfectamente posible que de un Grupo Scout o Agrupaci\u00f3n Ruta participe m\u00e1s de un peque\u00f1o grupo, pero de forma independiente. Todos, vais a disponer de una serie de herramientas de ayuda: Esta Gu\u00eda del programa. [&hellip;]","og_url":"http:\/\/scouts.es\/agentesdesalud\/protagonistas\/","og_site_name":"Agentes de Salud - scouts.es","article_modified_time":"2018-02-16T11:32:32+00:00","twitter_card":"summary_large_image","twitter_misc":{"Tiempo de lectura":"2 minutos"},"schema":{"@context":"https:\/\/schema.org","@graph":[{"@type":"WebPage","@id":"http:\/\/scouts.es\/agentesdesalud\/protagonistas\/","url":"http:\/\/scouts.es\/agentesdesalud\/protagonistas\/","name":"Protagonistas - Agentes de Salud - scouts.es","isPartOf":{"@id":"https:\/\/scouts.es\/agentesdesalud\/#website"},"datePublished":"2016-05-31T14:52:59+00:00","dateModified":"2018-02-16T11:32:32+00:00","breadcrumb":{"@id":"http:\/\/scouts.es\/agentesdesalud\/protagonistas\/#breadcrumb"},"inLanguage":"es","potentialAction":[{"@type":"ReadAction","target":["http:\/\/scouts.es\/agentesdesalud\/protagonistas\/"]}]},{"@type":"BreadcrumbList","@id":"http:\/\/scouts.es\/agentesdesalud\/protagonistas\/#breadcrumb","itemListElement":[{"@type":"ListItem","position":1,"name":"Portada","item":"https:\/\/scouts.es\/agentesdesalud\/"},{"@type":"ListItem","position":2,"name":"Protagonistas"}]},{"@type":"WebSite","@id":"https:\/\/scouts.es\/agentesdesalud\/#website","url":"https:\/\/scouts.es\/agentesdesalud\/","name":"Agentes de Salud - scouts.es","description":"","potentialAction":[{"@type":"SearchAction","target":{"@type":"EntryPoint","urlTemplate":"https:\/\/scouts.es\/agentesdesalud\/?s={search_term_string}"},"query-input":"required name=search_term_string"}],"inLanguage":"es"}]}},"jetpack_sharing_enabled":true,"jetpack_shortlink":"https:\/\/wp.me\/P7DG18-15","jetpack-related-posts":[{"id":18,"url":"https:\/\/scouts.es\/agentesdesalud\/programa-agentes-salud\/","url_meta":{"origin":67,"position":0},"title":"Qu\u00e9 es el programa de Agentes de Salud","date":"22 agosto, 2014","format":false,"excerpt":"\u00a1Bienvenid@s a\u00a0la web del Programa Agentes de Salud! Pioneros, Rutas (\u00a1tambi\u00e9n Responsables!)\u2026 your attention, please. Est\u00e1is apunto de embarcaros en un maravilloso Programa que Scouts MSC pone en marcha especialmente para vosotros. Bueno, para vosotros y vuestro entorno, pues una vez m\u00e1s estamos pensando en trabajar en proyectos que nos\u2026","rel":"","context":"Entrada similar","img":{"alt_text":"","src":"","width":0,"height":0},"classes":[]},{"id":85,"url":"https:\/\/scouts.es\/agentesdesalud\/para-saber-faq\/","url_meta":{"origin":67,"position":1},"title":"Para saber m\u00e1s&#8230; FAQ","date":"14 junio, 2016","format":false,"excerpt":"\u00bfNos lo resum\u00eds\u00a0en una frase? Un proyecto en el que pasas\u00a0de ser\u00a0la esponja que se empapa de informaci\u00f3n a la fuente de aprendizaje. Vale, \u00bfy ahora de una forma un poco m\u00e1s extensa pero sin pasarse y sin met\u00e1foras? Un proyecto para formaros en ciertos temas a la vez que\u2026","rel":"","context":"Entrada similar","img":{"alt_text":"","src":"","width":0,"height":0},"classes":[]},{"id":88,"url":"https:\/\/scouts.es\/agentesdesalud\/acceso-participantes\/","url_meta":{"origin":67,"position":2},"title":"Acceso participantes","date":"14 junio, 2016","format":false,"excerpt":"Esta es un \u00e1rea privada a la que s\u00f3lo pueden acceder los\u00a0usuarios inscritos al Programa Agentes de Salud. Para acceder al Aula virtual con todos los materiales y m\u00e1s informaci\u00f3n, haz clic aqu\u00ed. Para publicar una entrada al blog, introduce con tu nombre de usuario y contrase\u00f1a (si no lo\u2026","rel":"","context":"Entrada similar","img":{"alt_text":"","src":"","width":0,"height":0},"classes":[]}],"_links":{"self":[{"href":"https:\/\/scouts.es\/agentesdesalud\/wp-json\/wp\/v2\/pages\/67"}],"collection":[{"href":"https:\/\/scouts.es\/agentesdesalud\/wp-json\/wp\/v2\/pages"}],"about":[{"href":"https:\/\/scouts.es\/agentesdesalud\/wp-json\/wp\/v2\/types\/page"}],"author":[{"embeddable":true,"href":"https:\/\/scouts.es\/agentesdesalud\/wp-json\/wp\/v2\/users\/500"}],"replies":[{"embeddable":true,"href":"https:\/\/scouts.es\/agentesdesalud\/wp-json\/wp\/v2\/comments?post=67"}],"version-history":[{"count":3,"href":"https:\/\/scouts.es\/agentesdesalud\/wp-json\/wp\/v2\/pages\/67\/revisions"}],"predecessor-version":[{"id":170,"href":"https:\/\/scouts.es\/agentesdesalud\/wp-json\/wp\/v2\/pages\/67\/revisions\/170"}],"wp:attachment":[{"href":"https:\/\/scouts.es\/agentesdesalud\/wp-json\/wp\/v2\/media?parent=67"}],"curies":[{"name":"wp","href":"https:\/\/api.w.org\/{rel}","templated":true}]}}